{"id":347,"date":"2025-02-20T19:29:42","date_gmt":"2025-02-20T19:29:42","guid":{"rendered":"https:\/\/permianbasinfutureready.com\/miembros-de-la-comunidad\/"},"modified":"2025-02-27T22:45:42","modified_gmt":"2025-02-27T22:45:42","slug":"miembros-de-la-comunidad","status":"publish","type":"page","link":"https:\/\/permianbasinfutureready.com\/es\/miembros-de-la-comunidad\/","title":{"rendered":"Miembros de la comunidad"},"content":{"rendered":"<p>[et_pb_section fb_built=\u00bb1&#8243; _builder_version=\u00bb4.27.4&#8243; _module_preset=\u00bbdefault\u00bb background_color=\u00bb#0C457D\u00bb use_background_color_gradient=\u00bbon\u00bb background_color_gradient_stops=\u00bb#0c457d 0%|#3e83be 100%\u00bb background_image=\u00bbhttp:\/\/permianbasinfutureready.com\/wp-content\/uploads\/2025\/01\/eatery-03.jpg\u00bb background_blend=\u00bbmultiply\u00bb custom_padding=\u00bb0px||0px||false|false\u00bb global_colors_info=\u00bb{}\u00bb][et_pb_row use_custom_gutter=\u00bbon\u00bb gutter_width=\u00bb1&#8243; make_equal=\u00bbon\u00bb _builder_version=\u00bb4.27.4&#8243; _module_preset=\u00bbdefault\u00bb width=\u00bb60%\u00bb width_tablet=\u00bb80%\u00bb width_phone=\u00bb90%\u00bb width_last_edited=\u00bbon|phone\u00bb max_width=\u00bbnone\u00bb custom_margin=\u00bb||||false|false\u00bb custom_padding=\u00bb0px||0px||true|false\u00bb global_colors_info=\u00bb{}\u00bb][et_pb_column type=\u00bb4_4&#8243; _builder_version=\u00bb4.27.4&#8243; _module_preset=\u00bbdefault\u00bb background_enable_color=\u00bboff\u00bb background_enable_image=\u00bboff\u00bb background_blend=\u00bbmultiply\u00bb custom_padding=\u00bb3%|3%|3%|3%|false|true\u00bb global_colors_info=\u00bb{}\u00bb][et_pb_heading title=\u00bbMiembros de la comunidad, p\u00eddanle a su junta escolar que apoye a las buenas escuelas\u00bb _builder_version=\u00bb4.27.4&#8243; _module_preset=\u00bb2cce2744-f3e6-4410-8d5b-0c62b0030996&#8243; title_font=\u00bbapotek-comp|700||on|||||\u00bb title_text_align=\u00bbcenter\u00bb title_text_color=\u00bb#FFFFFF\u00bb title_font_size=\u00bb3.2em\u00bb custom_margin=\u00bb||10px||false|false\u00bb animation_style=\u00bbslide\u00bb animation_direction=\u00bbbottom\u00bb animation_intensity_slide=\u00bb5%\u00bb global_colors_info=\u00bb{}\u00bb][\/et_pb_heading][et_pb_divider color=\u00bb#ffffff\u00bb _builder_version=\u00bb4.27.4&#8243; _module_preset=\u00bbdefault\u00bb locked=\u00bboff\u00bb global_colors_info=\u00bb{}\u00bb][\/et_pb_divider][et_pb_text _builder_version=\u00bb4.27.4&#8243; _module_preset=\u00bbb1419d58-1dda-4f83-b065-24fd962e5f82&#8243; text_font=\u00bbNorwester|||on|||||\u00bb text_text_color=\u00bb#FFEFDB\u00bb text_font_size=\u00bb2.2em\u00bb text_line_height=\u00bb1.1em\u00bb custom_margin=\u00bb||6px||false|false\u00bb custom_padding=\u00bb0px||0px||false|false\u00bb animation_style=\u00bbslide\u00bb animation_direction=\u00bbbottom\u00bb animation_intensity_slide=\u00bb5%\u00bb text_font_size_tablet=\u00bb1.6em\u00bb text_font_size_phone=\u00bb1.5em\u00bb text_font_size_last_edited=\u00bbon|phone\u00bb custom_css_main_element=\u00bbtext-wrap: balance;\u00bb global_colors_info=\u00bb{}\u00bb]<\/p>\n<p style=\"text-align: center\"><b>USA TU VOZ<\/b><\/p>\n<p>[\/et_pb_text][et_pb_text _builder_version=\u00bb4.27.4&#8243; _module_preset=\u00bbdefault\u00bb text_text_color=\u00bb#FFEFDB\u00bb text_font_size=\u00bb1.2em\u00bb ol_font=\u00bbNorwester|500|||||||\u00bb ol_font_size=\u00bb1.1em\u00bb text_orientation=\u00bbcenter\u00bb custom_margin=\u00bb0px||4px||false|false\u00bb custom_padding=\u00bb8px||6px||false|false\u00bb global_colors_info=\u00bb{}\u00bb]<\/p>\n<p style=\"text-align: center;\"><span>Selecciona tu junta escolar para enviarles un correo electr\u00f3nico<\/span><\/p>\n<p>[\/et_pb_text][et_pb_code admin_label=\u00bbDesplegable\u00bb module_class=\u00bbpa-inline-buttons\u00bb _builder_version=\u00bb4.27.4&#8243; _module_preset=\u00bbdefault\u00bb custom_css_free_form=\u00bb.modal {||    display: none;||    position: fixed;||    z-index: 2000;||    left: 0;||    top: 0;||    width: 100%;||    height: 100%;||    background-color: rgba(0,0,0,0.5);||}||||.modal-content {||    background-color: white;||    margin: 15% auto;||    padding: 36px;||    width: 50%;||    text-align: center;||    border-radius: 10px;||    position: relative;||}||||.close {||    position: absolute;||    top: 10px;||    right: 20px;||    font-size: 24px;||    cursor: pointer;||}||||#custom-modal button {||    padding: 12px 20px;||    font-size: 16px;||  \tfont-family: norwester;||  \ttext-transform: uppercase;||    border: none;||    border-radius: 5px;||    background-color: #0c457d; \/* Button color *\/||    color: #ffffff; \/* Text color *\/||    cursor: pointer;||    margin: 10px 5px; \/* Space between buttons *\/||    transition: background-color 0.3s ease;||}||||#custom-modal button:hover {||    background-color: #3e83be; \/* Hover color *\/||}||||#custom-modal button:focus {||    outline: none;||    box-shadow: 0 0 5px rgba(0, 115, 230, 0.5); \/* Glow effect on focus *\/||}||\u00bb global_colors_info=\u00bb{}\u00bb]<select id=\"custom-dropdown-community\" onchange=\"openModal(this.value, 'schoolDataCommunity')\"><!-- [et_pb_line_break_holder] --><option value=\"\">Selecciona tu distrito escolar:<\/option><!-- [et_pb_line_break_holder] --><\/select>[\/et_pb_code][et_pb_code admin_label=\u00bbModals\u00bb _builder_version=\u00bb4.27.4&#8243; _module_preset=\u00bbdefault\u00bb custom_padding=\u00bb0px|||||\u00bb custom_css_free_form=\u00bb#custom-dropdown-community {||    width: 100%; \/* Full width *\/||    max-width: 100%; \/* Adjust as needed *\/||    padding: 10px;||    font-size: 16px;||    border: none; \/* Change to match your branding *\/||  \tbox-shadow: rgba(100, 100, 111, 0.2) 0px 7px 29px 0px;||    border-radius: 5px; \/* Rounded corners *\/||    background-color: white;||    color: #333;||    cursor: pointer;||    outline: none;||}\u00bb global_colors_info=\u00bb{}\u00bb]<!-- Modal Container --><!-- [et_pb_line_break_holder] --><\/p>\n<div id=\"custom-modal\" class=\"modal\"><!-- [et_pb_line_break_holder] -->    <\/p>\n<div class=\"modal-content\"><!-- [et_pb_line_break_holder] -->        <span class=\"close\">\u00d7<\/span><!-- [et_pb_line_break_holder] -->        <pee id=\"modal-text\">Texto modal por defecto<\/pee><!-- [et_pb_line_break_holder] -->        <button id=\"btn1\">Ingl\u00e9s<\/button><!-- [et_pb_line_break_holder] -->        <button id=\"btn2\">Espa\u00f1ol<\/button><!-- [et_pb_line_break_holder] -->    <\/div>\n<p><!-- [et_pb_line_break_holder] --><\/div>\n<p><!-- [et_pb_line_break_holder] -->[\/et_pb_code][\/et_pb_column][\/et_pb_row][\/et_pb_section][et_pb_section fb_built=\u00bb1&#8243; _builder_version=\u00bb4.27.4&#8243; _module_preset=\u00bbdefault\u00bb background_color=\u00bbrgba(255,239,219,0.5)\u00bb global_colors_info=\u00bb{}\u00bb][et_pb_row _builder_version=\u00bb4.27.4&#8243; _module_preset=\u00bbdefault\u00bb custom_padding=\u00bb||16px||false|false\u00bb global_colors_info=\u00bb{}\u00bb][et_pb_column type=\u00bb4_4&#8243; _builder_version=\u00bb4.27.4&#8243; _module_preset=\u00bbdefault\u00bb global_colors_info=\u00bb{}\u00bb][et_pb_button button_url=\u00bbhttps:\/\/www.greatschools.org\/school-district-boundaries-map\/\u00bb url_new_window=\u00bbon\u00bb button_text=\u00bb\u00a1Haga clic aqu\u00ed para encontrar su junta escolar!\u00bb button_alignment=\u00bbcenter\u00bb admin_label=\u00bbSchool Board Button &#8211; Community\u00bb _builder_version=\u00bb4.27.4&#8243; _module_preset=\u00bbdefault\u00bb custom_button=\u00bbon\u00bb button_text_size=\u00bb30px\u00bb button_text_color=\u00bb#FFEFDB\u00bb button_bg_color=\u00bb#3E83BE\u00bb button_border_width=\u00bb0px\u00bb button_border_radius=\u00bb6px\u00bb button_letter_spacing=\u00bb2px\u00bb button_font=\u00bbapotek-comp|||on|||||\u00bb button_use_icon=\u00bboff\u00bb custom_padding=\u00bb22px|34px|22px|34px|true|true\u00bb hover_enabled=\u00bb0&#8243; locked=\u00bboff\u00bb global_colors_info=\u00bb{}\u00bb button_bg_color__hover=\u00bb#0C457D\u00bb button_bg_color__hover_enabled=\u00bbon|hover\u00bb button_bg_enable_color__hover=\u00bbon\u00bb sticky_enabled=\u00bb0&#8243;][\/et_pb_button][et_pb_text _builder_version=\u00bb4.27.4&#8243; _module_preset=\u00bbdefault\u00bb text_text_color=\u00bb#0C457D\u00bb text_font_size=\u00bb1.2em\u00bb ol_font=\u00bbNorwester|500|||||||\u00bb ol_font_size=\u00bb1.1em\u00bb text_orientation=\u00bbcenter\u00bb custom_margin=\u00bb28px||40px||false|false\u00bb custom_padding=\u00bb|||22px|false|false\u00bb global_colors_info=\u00bb{}\u00bb]<\/p>\n<p style=\"text-align: center\"><span style=\"font-weight: 400\">Escriba su condado, c\u00f3digo postal o direcci\u00f3n para encontrar las escuelas y la junta locales<\/span><\/p>\n<p>[\/et_pb_text][et_pb_divider color=\u00bb#3E83BE\u00bb _builder_version=\u00bb4.27.4&#8243; _module_preset=\u00bbdefault\u00bb locked=\u00bboff\u00bb global_colors_info=\u00bb{}\u00bb][\/et_pb_divider][\/et_pb_column][\/et_pb_row][et_pb_row _builder_version=\u00bb4.27.4&#8243; _module_preset=\u00bbdefault\u00bb custom_padding=\u00bb10px|||||\u00bb global_colors_info=\u00bb{}\u00bb][et_pb_column type=\u00bb4_4&#8243; _builder_version=\u00bb4.27.4&#8243; _module_preset=\u00bbdefault\u00bb global_colors_info=\u00bb{}\u00bb][et_pb_text _builder_version=\u00bb4.27.4&#8243; _module_preset=\u00bbb1419d58-1dda-4f83-b065-24fd962e5f82&#8243; text_font=\u00bbapotek-comp|||on|||||\u00bb text_text_color=\u00bb#0C457D\u00bb text_font_size=\u00bb2.2em\u00bb text_line_height=\u00bb1.1em\u00bb custom_margin=\u00bb||||false|false\u00bb custom_padding=\u00bb0px||0px||false|false\u00bb animation_style=\u00bbslide\u00bb animation_direction=\u00bbbottom\u00bb animation_intensity_slide=\u00bb5%\u00bb hover_enabled=\u00bb0&#8243; text_font_size_tablet=\u00bb1.6em\u00bb text_font_size_phone=\u00bb1.5em\u00bb text_font_size_last_edited=\u00bbon|phone\u00bb custom_css_main_element=\u00bbtext-wrap: balance;\u00bb global_colors_info=\u00bb{}\u00bb sticky_enabled=\u00bb0&#8243;]<\/p>\n<p style=\"text-align: center;\"><b>Descubra la calificaci\u00f3n de su escuela local<\/b><\/p>\n<p>[\/et_pb_text][et_pb_code admin_label=\u00bbTabla de clasificaci\u00f3n escolar\u00bb _builder_version=\u00bb4.27.4&#8243; _module_preset=\u00bbdefault\u00bb z_index=\u00bb-2&#8243; global_colors_info=\u00bb{}\u00bb]<iframe loading=\"lazy\" src=\"https:\/\/docs.google.com\/spreadsheets\/d\/e\/2PACX-1vQiq4Ya1BX3reHBwaNTtdF7_yTNLZBoPXhfqQIHMCQEcGmRVkb2zksagLYs8oV2Fz8ZCVWRuQo3btJn\/pubhtml?gid=609389355&#038;single=true\" width=\"100%\" height=\"500px\"><\/iframe><!-- [et_pb_line_break_holder] -->[\/et_pb_code][et_pb_text _builder_version=\u00bb4.27.4&#8243; _module_preset=\u00bbdefault\u00bb text_line_height=\u00bb1.4em\u00bb custom_margin=\u00bb||0px|||\u00bb custom_padding=\u00bb||10px|||\u00bb global_colors_info=\u00bb{}\u00bb]<\/p>\n<p><b>Fuente: <\/b><a href=\"https:\/\/rptsvr1.tea.texas.gov\/perfreport\/account\/index.html\"><b>Sistema de clasificaci\u00f3n de la responsabilidad de Texas <\/b><\/a> <span style=\"font-weight: 400\"><\/span><\/p>\n<p>[\/et_pb_text][et_pb_text _builder_version=\u00bb4.27.4&#8243; _module_preset=\u00bbdefault\u00bb text_font_size=\u00bb13px\u00bb text_line_height=\u00bb1.4em\u00bb global_colors_info=\u00bb{}\u00bb]<\/p>\n<p><span style=\"font-weight: 400\">Texas otorga una calificaci\u00f3n (escala de 0 a 100) a sus distritos y escuelas p\u00fablicas charter. Estas calificaciones se basan en el rendimiento de los estudiantes, el progreso de la escuela y si el distrito o la escuela est\u00e1n cerrando las brechas de rendimiento entre los distintos grupos de estudiantes. Estas calificaciones se convierten en calificaciones con letras: A (90-100), B (80-90), C (70-80), D (60-70) y F (0-60).  <\/span><\/p>\n<p>[\/et_pb_text][\/et_pb_column][\/et_pb_row][\/et_pb_section]<\/p>\n","protected":false},"excerpt":{"rendered":"<p>USA TU VOZSelecciona tu junta escolar para enviarles un correo electr\u00f3nicoEscriba su condado, c\u00f3digo postal o direcci\u00f3n para encontrar las escuelas y la junta localesDescubra la calificaci\u00f3n de su escuela localFuente: Sistema de clasificaci\u00f3n de la responsabilidad de Texas Texas otorga una calificaci\u00f3n (escala de 0 a 100) a sus distritos y escuelas p\u00fablicas charter. Estas calificaciones se basan en el rendimiento de los estudiantes, el progreso de la escuela y si el distrito o la escuela est\u00e1n cerrando las brechas de rendimiento entre los distintos grupos de estudiantes. Estas calificaciones se convierten en calificaciones con letras: A (90-100), B (80-90), C (70-80), D (60-70) y F (0-60).<\/p>\n","protected":false},"author":1,"featured_media":0,"parent":0,"menu_order":0,"comment_status":"closed","ping_status":"closed","template":"","meta":{"_et_pb_use_builder":"on","_et_pb_old_content":"","_et_gb_content_width":"","footnotes":""},"class_list":["post-347","page","type-page","status-publish","hentry"],"_links":{"self":[{"href":"https:\/\/permianbasinfutureready.com\/es\/wp-json\/wp\/v2\/pages\/347","targetHints":{"allow":["GET"]}}],"collection":[{"href":"https:\/\/permianbasinfutureready.com\/es\/wp-json\/wp\/v2\/pages"}],"about":[{"href":"https:\/\/permianbasinfutureready.com\/es\/wp-json\/wp\/v2\/types\/page"}],"author":[{"embeddable":true,"href":"https:\/\/permianbasinfutureready.com\/es\/wp-json\/wp\/v2\/users\/1"}],"replies":[{"embeddable":true,"href":"https:\/\/permianbasinfutureready.com\/es\/wp-json\/wp\/v2\/comments?post=347"}],"version-history":[{"count":4,"href":"https:\/\/permianbasinfutureready.com\/es\/wp-json\/wp\/v2\/pages\/347\/revisions"}],"predecessor-version":[{"id":360,"href":"https:\/\/permianbasinfutureready.com\/es\/wp-json\/wp\/v2\/pages\/347\/revisions\/360"}],"wp:attachment":[{"href":"https:\/\/permianbasinfutureready.com\/es\/wp-json\/wp\/v2\/media?parent=347"}],"curies":[{"name":"wp","href":"https:\/\/api.w.org\/{rel}","templated":true}]}}